{"id":2,"date":"2017-02-28T14:38:52","date_gmt":"2017-02-28T13:38:52","guid":{"rendered":"https:\/\/spanje2017.phisites.nl\/?page_id=2"},"modified":"2019-06-17T22:21:50","modified_gmt":"2019-06-17T20:21:50","slug":"voorbeeld-pagina","status":"publish","type":"page","link":"https:\/\/spanje2017.phisites.nl\/","title":{"rendered":"Home"},"content":{"rendered":"<p><strong><a href=\"https:\/\/spanje2017.phisites.nl\/index.php\/category\/dagboek\/?order=asc\">Dagboek<\/a><\/strong> (in tegenstelling tot Blog)<\/p>\n<p>Een caravanreis naar Spanje met doel het bezoeken van de kerken, musea, paleizen en beroemde parken in de steden Barcelona, Madrid, Aranjuez, Burgos, San Sebasti\u00e1n ea.<\/p>\n<p>Dali in Port Lligat, Figueres, Pub\u00f3l. Gaudi, Picasso in Barcelona. Paleis in Aranjuuez, Chinch\u00f3n met zijn Plaza Mayor, in Madrid het paleis, musea Prado en Thyssen-Bornemisza,\u00a0 Kathedraal in Burgos.<\/p>\n<p>Daarnaast ook van de natuur die onderweg of vanuit een standplaats is te zien.<\/p>\n<p>In de berichten staan links van bezochte campings en bijzonderheden.<br \/>\nDe afbeelding &#8216;fotograaf&#8217; linkt de bijbehorende foto&#8217;s.<\/p>\n","protected":false},"excerpt":{"rendered":"<p>Dagboek (in tegenstelling tot Blog) Een caravanreis naar Spanje met doel het bezoeken van de kerken, musea, paleizen en beroemde parken in de steden Barcelona, Madrid, Aranjuez, Burgos, San Sebasti\u00e1n ea. Dali in Port Lligat, Figueres, Pub\u00f3l. Gaudi, Picasso in Barcelona. Paleis in Aranjuuez, Chinch\u00f3n met zijn Plaza Mayor, in Madrid het paleis, musea Prado &hellip; <\/p>\n<p class=\"link-more\"><a href=\"https:\/\/spanje2017.phisites.nl\/\" class=\"more-link\">Lees verder <span class=\"screen-reader-text\">&#8220;Home&#8221;<\/span><\/a><\/p>\n","protected":false},"author":1,"featured_media":0,"parent":0,"menu_order":0,"comment_status":"closed","ping_status":"open","template":"","meta":{"footnotes":"","_links_to":"","_links_to_target":""},"class_list":["post-2","page","type-page","status-publish","hentry"],"_links":{"self":[{"href":"https:\/\/spanje2017.phisites.nl\/index.php\/wp-json\/wp\/v2\/pages\/2","targetHints":{"allow":["GET"]}}],"collection":[{"href":"https:\/\/spanje2017.phisites.nl\/index.php\/wp-json\/wp\/v2\/pages"}],"about":[{"href":"https:\/\/spanje2017.phisites.nl\/index.php\/wp-json\/wp\/v2\/types\/page"}],"author":[{"embeddable":true,"href":"https:\/\/spanje2017.phisites.nl\/index.php\/wp-json\/wp\/v2\/users\/1"}],"replies":[{"embeddable":true,"href":"https:\/\/spanje2017.phisites.nl\/index.php\/wp-json\/wp\/v2\/comments?post=2"}],"version-history":[{"count":10,"href":"https:\/\/spanje2017.phisites.nl\/index.php\/wp-json\/wp\/v2\/pages\/2\/revisions"}],"predecessor-version":[{"id":504,"href":"https:\/\/spanje2017.phisites.nl\/index.php\/wp-json\/wp\/v2\/pages\/2\/revisions\/504"}],"wp:attachment":[{"href":"https:\/\/spanje2017.phisites.nl\/index.php\/wp-json\/wp\/v2\/media?parent=2"}],"curies":[{"name":"wp","href":"https:\/\/api.w.org\/{rel}","templated":true}]}}