{"id":89,"date":"2017-04-23T11:52:47","date_gmt":"2017-04-23T09:52:47","guid":{"rendered":"http:\/\/spanje2017.phisites.nl\/?page_id=89"},"modified":"2025-02-01T15:34:40","modified_gmt":"2025-02-01T14:34:40","slug":"reis-info","status":"publish","type":"page","link":"https:\/\/spanje2017.phisites.nl\/index.php\/voorbeeld-pagina\/reis-info\/","title":{"rendered":"Reis info"},"content":{"rendered":"<a href=\"https:\/\/spanje2017.phisites.nl\/wp-content\/uploads\/2017\/04\/BarcelonaCard2017.pdf\" class=\"pdfemb-viewer\" style=\"\" data-width=\"max\" data-height=\"max\" data-toolbar=\"bottom\" data-toolbar-fixed=\"off\">BarcelonaCard2017<\/a>\n<p>Standplaatsen:<br \/>\nEchternach<br \/>\nTournus<br \/>\nLe Grau L&#8217;Agde<br \/>\nRoses<br \/>\nFornells de la Selva<br \/>\nMatar\u00f3<br \/>\nPe\u00f1iscola<br \/>\nNavajas<br \/>\nCuenca<br \/>\nAranjuez<br \/>\nVillaviciosa de Od\u00f3n<br \/>\nBurgos<br \/>\nSan Sebastian<br \/>\nSaint Palais (Fr)<br \/>\nVend\u00f5me<br \/>\nKluisbergen (B)<\/p>\n","protected":false},"excerpt":{"rendered":"<p>Standplaatsen: Echternach Tournus Le Grau L&#8217;Agde Roses Fornells de la Selva Matar\u00f3 Pe\u00f1iscola Navajas Cuenca Aranjuez Villaviciosa de Od\u00f3n Burgos San Sebastian Saint Palais (Fr) Vend\u00f5me Kluisbergen (B)<\/p>\n","protected":false},"author":1,"featured_media":0,"parent":2,"menu_order":0,"comment_status":"closed","ping_status":"closed","template":"","meta":{"footnotes":"","_links_to":"","_links_to_target":""},"class_list":["post-89","page","type-page","status-publish","hentry"],"_links":{"self":[{"href":"https:\/\/spanje2017.phisites.nl\/index.php\/wp-json\/wp\/v2\/pages\/89","targetHints":{"allow":["GET"]}}],"collection":[{"href":"https:\/\/spanje2017.phisites.nl\/index.php\/wp-json\/wp\/v2\/pages"}],"about":[{"href":"https:\/\/spanje2017.phisites.nl\/index.php\/wp-json\/wp\/v2\/types\/page"}],"author":[{"embeddable":true,"href":"https:\/\/spanje2017.phisites.nl\/index.php\/wp-json\/wp\/v2\/users\/1"}],"replies":[{"embeddable":true,"href":"https:\/\/spanje2017.phisites.nl\/index.php\/wp-json\/wp\/v2\/comments?post=89"}],"version-history":[{"count":8,"href":"https:\/\/spanje2017.phisites.nl\/index.php\/wp-json\/wp\/v2\/pages\/89\/revisions"}],"predecessor-version":[{"id":958,"href":"https:\/\/spanje2017.phisites.nl\/index.php\/wp-json\/wp\/v2\/pages\/89\/revisions\/958"}],"up":[{"embeddable":true,"href":"https:\/\/spanje2017.phisites.nl\/index.php\/wp-json\/wp\/v2\/pages\/2"}],"wp:attachment":[{"href":"https:\/\/spanje2017.phisites.nl\/index.php\/wp-json\/wp\/v2\/media?parent=89"}],"curies":[{"name":"wp","href":"https:\/\/api.w.org\/{rel}","templated":true}]}}